{"id":2136,"date":"2024-10-15T14:21:50","date_gmt":"2024-10-15T12:21:50","guid":{"rendered":"https:\/\/waterproof-project.eu\/?page_id=2136"},"modified":"2026-02-26T20:39:15","modified_gmt":"2026-02-26T19:39:15","slug":"factsheets","status":"publish","type":"page","link":"https:\/\/waterproof-project.eu\/es\/factsheets\/","title":{"rendered":"Factsheets"},"content":{"rendered":"\n<h2 class=\"wp-block-heading\">Key topics to master CO\u2082-conversion<\/h2>\n\n\n\n<h3 class=\"wp-block-heading\">2026<\/h3>\n\n\n\n<div class=\"wp-block-media-text is-stacked-on-mobile is-vertically-aligned-top pub\" style=\"grid-template-columns:18% auto\"><figure class=\"wp-block-media-text__media\"><a href=\"https:\/\/waterproof-project.eu\/wp-content\/uploads\/2025\/09\/25-09-22_Waterproof-Factsheet-4_EN.pdf\" target=\"_blank\" rel=\"noreferrer noopener\"><img loading=\"lazy\" decoding=\"async\" width=\"723\" height=\"1024\" src=\"https:\/\/waterproof-project.eu\/wp-content\/uploads\/2026\/02\/Bildschirmfoto-2026-02-26-um-20.35.56-723x1024.png\" alt=\"\" class=\"wp-image-2526 size-full\" srcset=\"https:\/\/waterproof-project.eu\/wp-content\/uploads\/2026\/02\/Bildschirmfoto-2026-02-26-um-20.35.56-723x1024.png 723w, https:\/\/waterproof-project.eu\/wp-content\/uploads\/2026\/02\/Bildschirmfoto-2026-02-26-um-20.35.56-212x300.png 212w, https:\/\/waterproof-project.eu\/wp-content\/uploads\/2026\/02\/Bildschirmfoto-2026-02-26-um-20.35.56-106x150.png 106w, https:\/\/waterproof-project.eu\/wp-content\/uploads\/2026\/02\/Bildschirmfoto-2026-02-26-um-20.35.56-768x1087.png 768w, https:\/\/waterproof-project.eu\/wp-content\/uploads\/2026\/02\/Bildschirmfoto-2026-02-26-um-20.35.56-500x708.png 500w, https:\/\/waterproof-project.eu\/wp-content\/uploads\/2026\/02\/Bildschirmfoto-2026-02-26-um-20.35.56-800x1133.png 800w, https:\/\/waterproof-project.eu\/wp-content\/uploads\/2026\/02\/Bildschirmfoto-2026-02-26-um-20.35.56.png 842w\" sizes=\"auto, (max-width: 723px) 100vw, 723px\" \/><\/a><\/figure><div class=\"wp-block-media-text__content\">\n<p class=\"has-medium-font-size\"><a href=\"https:\/\/waterproof-project.eu\/wp-content\/uploads\/2026\/02\/26-02-23_Waterproof-Factsheet-5_EN_web-1.pdf\" data-type=\"link\" data-id=\"https:\/\/waterproof-project.eu\/wp-content\/uploads\/2026\/02\/26-02-23_Waterproof-Factsheet-5_EN_web-1.pdf\" target=\"_blank\" rel=\"noreferrer noopener\">Factsheet: Industrial-Urban Symbiosis <\/a>(English)<\/p>\n\n\n\n<p class=\"has-small-font-size\">Jahns, A., Wagner, M.<\/p>\n\n\n\n<p>Unlocking Potential to Create Value from Waste<\/p>\n<\/div><\/div>\n\n\n\n<div style=\"height:25px\" aria-hidden=\"true\" class=\"wp-block-spacer\"><\/div>\n\n\n\n<h3 class=\"wp-block-heading\">2025<\/h3>\n\n\n\n<div class=\"wp-block-media-text is-stacked-on-mobile is-vertically-aligned-top pub\" style=\"grid-template-columns:18% auto\"><figure class=\"wp-block-media-text__media\"><a href=\"https:\/\/waterproof-project.eu\/wp-content\/uploads\/2025\/09\/25-09-22_Waterproof-Factsheet-4_EN.pdf\" target=\"_blank\" rel=\"noreferrer noopener\"><img loading=\"lazy\" decoding=\"async\" width=\"727\" height=\"1024\" src=\"https:\/\/waterproof-project.eu\/wp-content\/uploads\/2025\/09\/Bildschirmfoto-2025-09-22-um-13.19.30-1-727x1024.png\" alt=\"\" class=\"wp-image-2433 size-full\" srcset=\"https:\/\/waterproof-project.eu\/wp-content\/uploads\/2025\/09\/Bildschirmfoto-2025-09-22-um-13.19.30-1-727x1024.png 727w, https:\/\/waterproof-project.eu\/wp-content\/uploads\/2025\/09\/Bildschirmfoto-2025-09-22-um-13.19.30-1-213x300.png 213w, https:\/\/waterproof-project.eu\/wp-content\/uploads\/2025\/09\/Bildschirmfoto-2025-09-22-um-13.19.30-1-107x150.png 107w, https:\/\/waterproof-project.eu\/wp-content\/uploads\/2025\/09\/Bildschirmfoto-2025-09-22-um-13.19.30-1-768x1081.png 768w, https:\/\/waterproof-project.eu\/wp-content\/uploads\/2025\/09\/Bildschirmfoto-2025-09-22-um-13.19.30-1-500x704.png 500w, https:\/\/waterproof-project.eu\/wp-content\/uploads\/2025\/09\/Bildschirmfoto-2025-09-22-um-13.19.30-1.png 912w\" sizes=\"auto, (max-width: 727px) 100vw, 727px\" \/><\/a><\/figure><div class=\"wp-block-media-text__content\">\n<p class=\"has-medium-font-size\"><a href=\"https:\/\/waterproof-project.eu\/wp-content\/uploads\/2025\/10\/25-09-22_Waterproof-Factsheet-4_EN-1.pdf\" data-type=\"link\" data-id=\"https:\/\/waterproof-project.eu\/wp-content\/uploads\/2025\/10\/25-09-22_Waterproof-Factsheet-4_EN-1.pdf\" target=\"_blank\" rel=\"noreferrer noopener\">Factsheet: Acidic Deep Eutectic Solvents for the Recovery of Critical Metals from Waste and Wastewater <\/a>(English)<\/p>\n\n\n\n<p class=\"has-small-font-size\">Schwarzenberger, A., Banduka, D.<\/p>\n\n\n\n<p>Recovery of Critical Metals from Waste and Wastewater<\/p>\n<\/div><\/div>\n\n\n\n<div style=\"height:25px\" aria-hidden=\"true\" class=\"wp-block-spacer\"><\/div>\n\n\n\n<div class=\"wp-block-media-text is-stacked-on-mobile is-vertically-aligned-top pub\" style=\"grid-template-columns:18% auto\"><figure class=\"wp-block-media-text__media\"><a href=\"https:\/\/waterproof-project.eu\/wp-content\/uploads\/2025\/09\/25-09-22_Waterproof-Factsheet-4_EN.pdf\" target=\"_blank\" rel=\"noreferrer noopener\"><img loading=\"lazy\" decoding=\"async\" width=\"704\" height=\"990\" src=\"https:\/\/waterproof-project.eu\/wp-content\/uploads\/2025\/11\/Bildschirmfoto-2025-11-17-um-17.14.43.png\" alt=\"\" class=\"wp-image-2515 size-full\" srcset=\"https:\/\/waterproof-project.eu\/wp-content\/uploads\/2025\/11\/Bildschirmfoto-2025-11-17-um-17.14.43.png 704w, https:\/\/waterproof-project.eu\/wp-content\/uploads\/2025\/11\/Bildschirmfoto-2025-11-17-um-17.14.43-213x300.png 213w, https:\/\/waterproof-project.eu\/wp-content\/uploads\/2025\/11\/Bildschirmfoto-2025-11-17-um-17.14.43-107x150.png 107w, https:\/\/waterproof-project.eu\/wp-content\/uploads\/2025\/11\/Bildschirmfoto-2025-11-17-um-17.14.43-500x703.png 500w\" sizes=\"auto, (max-width: 704px) 100vw, 704px\" \/><\/a><\/figure><div class=\"wp-block-media-text__content\">\n<p class=\"has-medium-font-size\"><a href=\"https:\/\/waterproof-project.eu\/wp-content\/uploads\/2025\/11\/25-11-12_Waterproof-Factsheet-4_ES.pdf\" data-type=\"link\" data-id=\"https:\/\/waterproof-project.eu\/wp-content\/uploads\/2025\/11\/25-11-12_Waterproof-Factsheet-4_ES.pdf\" target=\"_blank\" rel=\"noreferrer noopener\">Ficha informativa: Solventes eut\u00e9cticos profundos \u00e1cidos<\/a><a href=\"https:\/\/waterproof-project.eu\/wp-content\/uploads\/2025\/10\/25-09-22_Waterproof-Factsheet-4_EN-1.pdf\" data-type=\"link\" data-id=\"https:\/\/waterproof-project.eu\/wp-content\/uploads\/2025\/10\/25-09-22_Waterproof-Factsheet-4_EN-1.pdf\" target=\"_blank\" rel=\"noreferrer noopener\"> <\/a>(Espanol)<\/p>\n\n\n\n<p class=\"has-small-font-size\">Schwarzenberger, A., Banduka, D.<\/p>\n\n\n\n<p>para la recuperaci\u00f3n de metales cr\u00edticos a partir de residuos y aguas residuales<\/p>\n<\/div><\/div>\n\n\n\n<div style=\"height:25px\" aria-hidden=\"true\" class=\"wp-block-spacer\"><\/div>\n\n\n\n<h3 class=\"wp-block-heading\">2024<\/h3>\n\n\n\n<div class=\"wp-block-media-text is-stacked-on-mobile is-vertically-aligned-top pub\" style=\"grid-template-columns:18% auto\"><figure class=\"wp-block-media-text__media\"><a href=\"https:\/\/waterproof-project.eu\/wp-content\/uploads\/2024\/10\/24-10-08_Waterproof-Factsheet-3_ES_web.pdf\" target=\"_blank\" rel=\"noreferrer noopener\"><img loading=\"lazy\" decoding=\"async\" width=\"716\" height=\"1024\" src=\"https:\/\/waterproof-project.eu\/wp-content\/uploads\/2024\/10\/Bildschirmfoto-2024-10-15-um-14.19.25-716x1024.png\" alt=\"\" class=\"wp-image-2141 size-full\" srcset=\"https:\/\/waterproof-project.eu\/wp-content\/uploads\/2024\/10\/Bildschirmfoto-2024-10-15-um-14.19.25-716x1024.png 716w, https:\/\/waterproof-project.eu\/wp-content\/uploads\/2024\/10\/Bildschirmfoto-2024-10-15-um-14.19.25-210x300.png 210w, https:\/\/waterproof-project.eu\/wp-content\/uploads\/2024\/10\/Bildschirmfoto-2024-10-15-um-14.19.25-105x150.png 105w, https:\/\/waterproof-project.eu\/wp-content\/uploads\/2024\/10\/Bildschirmfoto-2024-10-15-um-14.19.25-500x715.png 500w, https:\/\/waterproof-project.eu\/wp-content\/uploads\/2024\/10\/Bildschirmfoto-2024-10-15-um-14.19.25.png 758w\" sizes=\"auto, (max-width: 716px) 100vw, 716px\" \/><\/a><\/figure><div class=\"wp-block-media-text__content\">\n<p class=\"has-medium-font-size\"><a href=\"https:\/\/waterproof-project.eu\/wp-content\/uploads\/2025\/09\/24-10-08_Waterproof-Factsheet-3_EN_web2.pdf\" target=\"_blank\" rel=\"noreferrer noopener\">Factsheet: Wastewater Treatment<\/a> (English)<\/p>\n\n\n\n<p class=\"has-small-font-size\">Schwarzenberger, A.<\/p>\n\n\n\n<p>How to create a circular water economy?<\/p>\n<\/div><\/div>\n\n\n\n<div style=\"height:15px\" aria-hidden=\"true\" class=\"wp-block-spacer\"><\/div>\n\n\n\n<div class=\"wp-block-media-text is-stacked-on-mobile is-vertically-aligned-top pub\" style=\"grid-template-columns:18% auto\"><figure class=\"wp-block-media-text__media\"><a href=\"https:\/\/waterproof-project.eu\/wp-content\/uploads\/2024\/10\/24-10-08_Waterproof-Factsheet-3_ES_web.pdf\" target=\"_blank\" rel=\"noreferrer noopener\"><img loading=\"lazy\" decoding=\"async\" width=\"725\" height=\"1024\" src=\"https:\/\/waterproof-project.eu\/wp-content\/uploads\/2024\/10\/Bildschirmfoto-2024-10-08-um-12.14.16-725x1024.png\" alt=\"Title page of the Spanish version of the Wastewater Treatment factsheet. Upper part with a yellow background showing the WaterProof logo and the title. Lower part showing a picture of tanks and pipes.\" class=\"wp-image-2131 size-full\" srcset=\"https:\/\/waterproof-project.eu\/wp-content\/uploads\/2024\/10\/Bildschirmfoto-2024-10-08-um-12.14.16-725x1024.png 725w, https:\/\/waterproof-project.eu\/wp-content\/uploads\/2024\/10\/Bildschirmfoto-2024-10-08-um-12.14.16-212x300.png 212w, https:\/\/waterproof-project.eu\/wp-content\/uploads\/2024\/10\/Bildschirmfoto-2024-10-08-um-12.14.16-106x150.png 106w, https:\/\/waterproof-project.eu\/wp-content\/uploads\/2024\/10\/Bildschirmfoto-2024-10-08-um-12.14.16-768x1085.png 768w, https:\/\/waterproof-project.eu\/wp-content\/uploads\/2024\/10\/Bildschirmfoto-2024-10-08-um-12.14.16-500x706.png 500w, https:\/\/waterproof-project.eu\/wp-content\/uploads\/2024\/10\/Bildschirmfoto-2024-10-08-um-12.14.16-800x1130.png 800w, https:\/\/waterproof-project.eu\/wp-content\/uploads\/2024\/10\/Bildschirmfoto-2024-10-08-um-12.14.16.png 892w\" sizes=\"auto, (max-width: 725px) 100vw, 725px\" \/><\/a><\/figure><div class=\"wp-block-media-text__content\">\n<p class=\"has-medium-font-size\"><a href=\"https:\/\/waterproof-project.eu\/wp-content\/uploads\/2024\/10\/24-10-08_Waterproof-Factsheet-3_ES_web.pdf\" data-type=\"link\" data-id=\"https:\/\/waterproof-project.eu\/wp-content\/uploads\/2024\/10\/24-10-08_Waterproof-Factsheet-3_ES_web.pdf\" target=\"_blank\" rel=\"noreferrer noopener\">Ficha informativa: Tratamiento de aguas \u2013 C\u00f3mo crear una Econom\u00eda Circular del Agua?<\/a> (Spanish)<\/p>\n\n\n\n<p class=\"has-small-font-size\">Schwarzenberger, A.; Zapata L\u00f3pez, D.<\/p>\n<\/div><\/div>\n\n\n\n<div style=\"height:15px\" aria-hidden=\"true\" class=\"wp-block-spacer\"><\/div>\n\n\n\n<div class=\"wp-block-media-text is-stacked-on-mobile pub\" style=\"grid-template-columns:18% auto\"><figure class=\"wp-block-media-text__media\"><a href=\"https:\/\/waterproof-project.eu\/wp-content\/uploads\/2024\/07\/24-07-08_Waterproof-Factsheet-2_EN_1.pdf\" target=\"_blank\" rel=\"noreferrer noopener\"><img loading=\"lazy\" decoding=\"async\" width=\"728\" height=\"1024\" src=\"https:\/\/waterproof-project.eu\/wp-content\/uploads\/2024\/10\/Bildschirmfoto-2024-10-15-um-14.14.40-728x1024.png\" alt=\"Clouds forming the text CO\u2082 infront of blue sky\" class=\"wp-image-2137 size-full\" srcset=\"https:\/\/waterproof-project.eu\/wp-content\/uploads\/2024\/10\/Bildschirmfoto-2024-10-15-um-14.14.40-728x1024.png 728w, https:\/\/waterproof-project.eu\/wp-content\/uploads\/2024\/10\/Bildschirmfoto-2024-10-15-um-14.14.40-213x300.png 213w, https:\/\/waterproof-project.eu\/wp-content\/uploads\/2024\/10\/Bildschirmfoto-2024-10-15-um-14.14.40-107x150.png 107w, https:\/\/waterproof-project.eu\/wp-content\/uploads\/2024\/10\/Bildschirmfoto-2024-10-15-um-14.14.40-500x704.png 500w, https:\/\/waterproof-project.eu\/wp-content\/uploads\/2024\/10\/Bildschirmfoto-2024-10-15-um-14.14.40.png 766w\" sizes=\"auto, (max-width: 728px) 100vw, 728px\" \/><\/a><\/figure><div class=\"wp-block-media-text__content\">\n<p class=\"has-medium-font-size\"><a href=\"https:\/\/waterproof-project.eu\/wp-content\/uploads\/2024\/07\/24-07-08_Waterproof-Factsheet-2_EN_1.pdf\" data-type=\"link\" data-id=\"https:\/\/waterproof-project.eu\/wp-content\/uploads\/2024\/07\/24-07-08_Waterproof-Factsheet-2_EN_1.pdf\" target=\"_blank\" rel=\"noreferrer noopener\">Factsheet: Carbon Capture and Utilisation. More than a carbon removal technology!<\/a> (English)<\/p>\n\n\n\n<p>Schwarzenberger, A.; Banduka, D.<\/p>\n\n\n\n<p>An introduction to CCU, derived products and materials and EU legislation. <\/p>\n<\/div><\/div>\n\n\n\n<div style=\"height:15px\" aria-hidden=\"true\" class=\"wp-block-spacer\"><\/div>\n\n\n\n<div class=\"wp-block-media-text is-stacked-on-mobile pub\" style=\"grid-template-columns:18% auto\"><figure class=\"wp-block-media-text__media\"><a href=\"https:\/\/waterproof-project.eu\/wp-content\/uploads\/2024\/09\/24-09-12_Waterproof-Factsheet-2_ES.pdf\" target=\"_blank\" rel=\"noreferrer noopener\"><img loading=\"lazy\" decoding=\"async\" width=\"718\" height=\"1024\" src=\"https:\/\/waterproof-project.eu\/wp-content\/uploads\/2024\/10\/Bildschirmfoto-2024-10-15-um-14.29.12-718x1024.png\" alt=\"\" class=\"wp-image-2154 size-full\" srcset=\"https:\/\/waterproof-project.eu\/wp-content\/uploads\/2024\/10\/Bildschirmfoto-2024-10-15-um-14.29.12-718x1024.png 718w, https:\/\/waterproof-project.eu\/wp-content\/uploads\/2024\/10\/Bildschirmfoto-2024-10-15-um-14.29.12-210x300.png 210w, https:\/\/waterproof-project.eu\/wp-content\/uploads\/2024\/10\/Bildschirmfoto-2024-10-15-um-14.29.12-105x150.png 105w, https:\/\/waterproof-project.eu\/wp-content\/uploads\/2024\/10\/Bildschirmfoto-2024-10-15-um-14.29.12-500x713.png 500w, https:\/\/waterproof-project.eu\/wp-content\/uploads\/2024\/10\/Bildschirmfoto-2024-10-15-um-14.29.12.png 756w\" sizes=\"auto, (max-width: 718px) 100vw, 718px\" \/><\/a><\/figure><div class=\"wp-block-media-text__content\">\n<p class=\"has-medium-font-size\"><a href=\"https:\/\/waterproof-project.eu\/wp-content\/uploads\/2024\/09\/24-09-12_Waterproof-Factsheet-2_ES.pdf\" data-type=\"link\" data-id=\"https:\/\/waterproof-project.eu\/wp-content\/uploads\/2024\/09\/24-09-12_Waterproof-Factsheet-2_ES.pdf\" target=\"_blank\" rel=\"noreferrer noopener\">Ficha informativa: Captura y utilizaci\u00f3n de carbono<\/a> (Spanish)<\/p>\n\n\n\n<p>Schwarzenberger, A., Banduka, D., Zapata L\u00f3pez, D.<\/p>\n\n\n\n<p>An introduction to CCU, derived products andM\u00e1s que una tecnolog\u00eda de eliminaci\u00f3n de carbono! materials and EU legislation.<\/p>\n<\/div><\/div>\n\n\n\n<div style=\"height:15px\" aria-hidden=\"true\" class=\"wp-block-spacer\"><\/div>\n\n\n\n<div class=\"wp-block-media-text is-stacked-on-mobile pub\" style=\"grid-template-columns:18% auto\"><figure class=\"wp-block-media-text__media\"><a href=\"https:\/\/waterproof-project.eu\/wp-content\/uploads\/2024\/04\/24-04-23_Waterproof-Factsheet_EN-1.pdf\" target=\"_blank\" rel=\"noreferrer noopener\"><img loading=\"lazy\" decoding=\"async\" width=\"726\" height=\"1024\" src=\"https:\/\/waterproof-project.eu\/wp-content\/uploads\/2024\/10\/Bildschirmfoto-2024-10-15-um-14.14.26-726x1024.png\" alt=\"Female scientist sitiing infront of CO\u2082-conversion machinery\" class=\"wp-image-2139 size-full\" srcset=\"https:\/\/waterproof-project.eu\/wp-content\/uploads\/2024\/10\/Bildschirmfoto-2024-10-15-um-14.14.26-726x1024.png 726w, https:\/\/waterproof-project.eu\/wp-content\/uploads\/2024\/10\/Bildschirmfoto-2024-10-15-um-14.14.26-213x300.png 213w, https:\/\/waterproof-project.eu\/wp-content\/uploads\/2024\/10\/Bildschirmfoto-2024-10-15-um-14.14.26-106x150.png 106w, https:\/\/waterproof-project.eu\/wp-content\/uploads\/2024\/10\/Bildschirmfoto-2024-10-15-um-14.14.26-500x705.png 500w, https:\/\/waterproof-project.eu\/wp-content\/uploads\/2024\/10\/Bildschirmfoto-2024-10-15-um-14.14.26.png 766w\" sizes=\"auto, (max-width: 726px) 100vw, 726px\" \/><\/a><\/figure><div class=\"wp-block-media-text__content\">\n<p class=\"has-medium-font-size\"><a href=\"https:\/\/waterproof-project.eu\/wp-content\/uploads\/2024\/04\/24-04-23_Waterproof-Factsheet_EN-1.pdf\" data-type=\"link\" data-id=\"https:\/\/waterproof-project.eu\/wp-content\/uploads\/2024\/04\/24-04-23_Waterproof-Factsheet_EN-1.pdf\" target=\"_blank\" rel=\"noreferrer noopener\">Factsheet Life Cycle Assessment (LCA) and S-LCA<\/a> (English)<\/p>\n\n\n\n<p>Banduka, D.; Schwarzenberger, A.<\/p>\n\n\n\n<p>An introduction to LCA objectives, methodology and integration in EU projects. <\/p>\n<\/div><\/div>\n\n\n\n<div style=\"height:15px\" aria-hidden=\"true\" class=\"wp-block-spacer\"><\/div>\n\n\n\n<div class=\"wp-block-media-text is-stacked-on-mobile pub\" style=\"grid-template-columns:18% auto\"><figure class=\"wp-block-media-text__media\"><a href=\"https:\/\/waterproof-project.eu\/wp-content\/uploads\/2024\/09\/24-09-12_Waterproof-Factsheet-1_ES.pdf\" target=\"_blank\" rel=\"noreferrer noopener\"><img loading=\"lazy\" decoding=\"async\" width=\"721\" height=\"1024\" src=\"https:\/\/waterproof-project.eu\/wp-content\/uploads\/2024\/10\/Bildschirmfoto-2024-10-15-um-14.28.42-721x1024.png\" alt=\"\" class=\"wp-image-2152 size-full\" srcset=\"https:\/\/waterproof-project.eu\/wp-content\/uploads\/2024\/10\/Bildschirmfoto-2024-10-15-um-14.28.42-721x1024.png 721w, https:\/\/waterproof-project.eu\/wp-content\/uploads\/2024\/10\/Bildschirmfoto-2024-10-15-um-14.28.42-211x300.png 211w, https:\/\/waterproof-project.eu\/wp-content\/uploads\/2024\/10\/Bildschirmfoto-2024-10-15-um-14.28.42-106x150.png 106w, https:\/\/waterproof-project.eu\/wp-content\/uploads\/2024\/10\/Bildschirmfoto-2024-10-15-um-14.28.42-500x711.png 500w, https:\/\/waterproof-project.eu\/wp-content\/uploads\/2024\/10\/Bildschirmfoto-2024-10-15-um-14.28.42.png 760w\" sizes=\"auto, (max-width: 721px) 100vw, 721px\" \/><\/a><\/figure><div class=\"wp-block-media-text__content\">\n<p class=\"has-medium-font-size\"><a href=\"https:\/\/waterproof-project.eu\/wp-content\/uploads\/2024\/09\/24-09-12_Waterproof-Factsheet-1_ES.pdf\" data-type=\"link\" data-id=\"https:\/\/waterproof-project.eu\/wp-content\/uploads\/2024\/09\/24-09-12_Waterproof-Factsheet-1_ES.pdf\" target=\"_blank\" rel=\"noreferrer noopener\">Ficha informativa: An\u00e1lisis del Ciclo de Vida (ACV) y An\u00e1lisis de Ciclo de Vida Social (ACVS)<\/a> (Spanish)<\/p>\n\n\n\n<p>Banduka, D.; Schwarzenberger, A., Zapata L\u00f3pez, D.<\/p>\n<\/div><\/div>\n\n\n\n<div style=\"height:15px\" aria-hidden=\"true\" class=\"wp-block-spacer\"><\/div>\n\n\n\n<div style=\"height:7px\" aria-hidden=\"true\" class=\"wp-block-spacer\"><\/div>\n\n\n\n<div style=\"height:19px\" aria-hidden=\"true\" class=\"wp-block-spacer\"><\/div>\n\n\n\n<div style=\"height:20px\" aria-hidden=\"true\" class=\"wp-block-spacer\"><\/div>\n\n\n\n<p><\/p>\n","protected":false},"excerpt":{"rendered":"<p>Key topics to master CO\u2082-conversion 2026 Factsheet: Industrial-Urban Symbiosis (English) Jahns, A., Wagner, M. Unlocking Potential to Create Value from Waste 2025 Factsheet: Acidic Deep Eutectic Solvents for the Recovery of Critical Metals from Waste and Wastewater (English) Schwarzenberger, A., Banduka, D. Recovery of Critical Metals from Waste and Wastewater Ficha informativa: Solventes eut\u00e9cticos profundos &hellip;<\/p>\n<p class=\"read-more\"> <a class=\"\" href=\"https:\/\/waterproof-project.eu\/es\/factsheets\/\"> <span class=\"screen-reader-text\">Factsheets<\/span> Leer m\u00e1s &raquo;<\/a><\/p>\n","protected":false},"author":6,"featured_media":0,"parent":0,"menu_order":0,"comment_status":"closed","ping_status":"closed","template":"","meta":{"_seopress_robots_primary_cat":"","advgb_blocks_editor_width":"","advgb_blocks_columns_visual_guide":"","site-sidebar-layout":"default","site-content-layout":"default","ast-global-header-display":"","ast-main-header-display":"","ast-hfb-above-header-display":"","ast-hfb-below-header-display":"","ast-hfb-mobile-header-display":"","site-post-title":"","ast-breadcrumbs-content":"","ast-featured-img":"","footer-sml-layout":"","theme-transparent-header-meta":"default","adv-header-id-meta":"","stick-header-meta":"default","header-above-stick-meta":"","header-main-stick-meta":"","header-below-stick-meta":"","footnotes":""},"class_list":["post-2136","page","type-page","status-publish","hentry"],"coauthors":[],"author_meta":{"author_link":"https:\/\/waterproof-project.eu\/es\/author\/db\/","display_name":"Dusica Banduka"},"relative_dates":{"created":"Publicado 1 a\u00f1o hace","modified":"Actualizado 2 meses hace"},"absolute_dates":{"created":"Publicado el 15\/10\/2024","modified":"Actualizado el 26\/02\/2026"},"absolute_dates_time":{"created":"Publicado el 15\/10\/2024 14:21","modified":"Actualizado el 26\/02\/2026 20:39"},"featured_img_caption":"","featured_img":false,"series_order":"","_links":{"self":[{"href":"https:\/\/waterproof-project.eu\/es\/wp-json\/wp\/v2\/pages\/2136","targetHints":{"allow":["GET"]}}],"collection":[{"href":"https:\/\/waterproof-project.eu\/es\/wp-json\/wp\/v2\/pages"}],"about":[{"href":"https:\/\/waterproof-project.eu\/es\/wp-json\/wp\/v2\/types\/page"}],"author":[{"embeddable":true,"href":"https:\/\/waterproof-project.eu\/es\/wp-json\/wp\/v2\/users\/6"}],"replies":[{"embeddable":true,"href":"https:\/\/waterproof-project.eu\/es\/wp-json\/wp\/v2\/comments?post=2136"}],"version-history":[{"count":34,"href":"https:\/\/waterproof-project.eu\/es\/wp-json\/wp\/v2\/pages\/2136\/revisions"}],"predecessor-version":[{"id":2535,"href":"https:\/\/waterproof-project.eu\/es\/wp-json\/wp\/v2\/pages\/2136\/revisions\/2535"}],"wp:attachment":[{"href":"https:\/\/waterproof-project.eu\/es\/wp-json\/wp\/v2\/media?parent=2136"}],"curies":[{"name":"wp","href":"https:\/\/api.w.org\/{rel}","templated":true}]}}