{"id":1909,"date":"2021-05-25T19:21:30","date_gmt":"2021-05-25T17:21:30","guid":{"rendered":"https:\/\/waterproof-project.eu\/?page_id=1909"},"modified":"2024-03-21T14:51:54","modified_gmt":"2024-03-21T13:51:54","slug":"consorcio","status":"publish","type":"page","link":"https:\/\/waterproof-project.eu\/es\/consorcio\/","title":{"rendered":"Consorcio"},"content":{"rendered":"\n<div style=\"height:40px\" aria-hidden=\"true\" class=\"wp-block-spacer\"><\/div>\n\n\n\n<div class=\"wp-block-media-text is-stacked-on-mobile is-vertically-aligned-center\" style=\"grid-template-columns:30% auto\"><figure class=\"wp-block-media-text__media\"><img loading=\"lazy\" decoding=\"async\" width=\"300\" height=\"150\" src=\"https:\/\/waterproof-project.eu\/wp-content\/uploads\/2022\/11\/Logo_Avantium_300x150.png\" alt=\"\" class=\"wp-image-1528 size-full\" srcset=\"https:\/\/waterproof-project.eu\/wp-content\/uploads\/2022\/11\/Logo_Avantium_300x150.png 300w, https:\/\/waterproof-project.eu\/wp-content\/uploads\/2022\/11\/Logo_Avantium_300x150-150x75.png 150w\" sizes=\"auto, (max-width: 300px) 100vw, 300px\" \/><\/figure><div class=\"wp-block-media-text__content\">\n<h3 class=\"wp-block-heading\">Avantium &#8211; Coordinador del Proyecto<\/h3>\n\n\n\n<p>Avantium es pionera en la industria emergente de la qu\u00edmica renovable y sostenible. Tiene su sede en \u00c1msterdam y emplea aproximadamente a 240 personas, con amplios laboratorios de I+D y tres plantas piloto en Geleen y Delfzijl, Pa\u00edses Bajos. Somos una empresa impulsada por la innovaci\u00f3n dedicada al desarrollo y comercializaci\u00f3n de tecnolog\u00edas disruptivas para la elaboraci\u00f3n de productos qu\u00edmicos a partir de fuentes renovables y materiales pl\u00e1sticos circulares, utilizados en diversos productos de consumo. Nuestra tecnolog\u00eda Volta, la avanzada electrocatal\u00edtica de Avantium, libera el CO\u2082 como una nueva fuente de carbono para la industria qu\u00edmica, permitiendo procesos m\u00e1s limpios mediante el uso de electrones como reactivos y facilitando a las partes industriales reducir sus emisiones de CO\u2082.<\/p>\n\n\n\n<p><\/p>\n\n\n\n<div class=\"wp-block-buttons is-layout-flex wp-block-buttons-is-layout-flex\">\n<div class=\"wp-block-button is-style-fill\"><a class=\"wp-block-button__link wp-element-button\" href=\"https:\/\/www.avantium.com\" target=\"_blank\" rel=\"noreferrer noopener\">Visita la p\u00e1gina web<\/a><\/div>\n<\/div>\n<\/div><\/div>\n\n\n\n<div class=\"wp-block-media-text is-stacked-on-mobile is-vertically-aligned-center\" style=\"grid-template-columns:30% auto\"><figure class=\"wp-block-media-text__media\"><img loading=\"lazy\" decoding=\"async\" width=\"300\" height=\"150\" src=\"https:\/\/waterproof-project.eu\/wp-content\/uploads\/2022\/11\/Logo_Coatema_300x150.png\" alt=\"\" class=\"wp-image-1532 size-full\" srcset=\"https:\/\/waterproof-project.eu\/wp-content\/uploads\/2022\/11\/Logo_Coatema_300x150.png 300w, https:\/\/waterproof-project.eu\/wp-content\/uploads\/2022\/11\/Logo_Coatema_300x150-150x75.png 150w\" sizes=\"auto, (max-width: 300px) 100vw, 300px\" \/><\/figure><div class=\"wp-block-media-text__content\">\n<h3 class=\"wp-block-heading\">Coatema<\/h3>\n\n\n\n<p>Coatema Coating Machinery GmbH dise\u00f1a y produce equipos de hoja a hoja (Sheet-to-Sheet) y de rollo a rollo (Roll-to-Roll) para los sectores de recubrimiento, impresi\u00f3n y laminaci\u00f3n.<br>Por m\u00e1s de 40 a\u00f1os, Coatema ha dise\u00f1ado y construido equipos de laboratorio y plantas piloto, as\u00ed como producci\u00f3n de plantas para mercados tradicionales como el sector textil y el mercado de conversi\u00f3n de materiales.<br>Hace m\u00e1s de 20 a\u00f1os, las l\u00edneas piloto de productos de maquinaria y de laboratorio se ampliaron, convirtiendo a Coatema en l\u00edder del mercado en tecnolog\u00edas emergentes como bater\u00edas avanzadas, energ\u00eda solar, preimpregnados, productos m\u00e9dicos y farmac\u00e9uticos, celdas de combustible y electr\u00f3nica impresa. Las nuevas tecnolog\u00edas en evoluci\u00f3n son el enfoque principal del concepto Lab2Fab de Coatema, ofreciendo ventajas significativas a los clientes que desean escalar desde prototipos iniciales hasta el desarrollo de productos maduros y comercializables.<br>En Waterproof, Coatema trabajar\u00e1 estrechamente con el socio Avantium para el desarrollo del escalado de procesos del GDL y desarrollar\u00e1 el equipo necesario para hacer posible la producci\u00f3n a mayor escala.<\/p>\n\n\n\n<p><\/p>\n\n\n\n<div class=\"wp-block-buttons is-layout-flex wp-block-buttons-is-layout-flex\">\n<div class=\"wp-block-button is-style-fill\"><a class=\"wp-block-button__link wp-element-button\" href=\"https:\/\/www.coatema.de\" target=\"_blank\" rel=\"noreferrer noopener\">Visita la p\u00e1gina web<\/a><\/div>\n<\/div>\n<\/div><\/div>\n\n\n\n<div class=\"wp-block-media-text is-stacked-on-mobile is-vertically-aligned-center\" style=\"grid-template-columns:30% auto\"><figure class=\"wp-block-media-text__media\"><img loading=\"lazy\" decoding=\"async\" width=\"300\" height=\"150\" src=\"https:\/\/waterproof-project.eu\/wp-content\/uploads\/2022\/11\/Logo_CTA_300x150.png\" alt=\"\" class=\"wp-image-1533 size-full\" srcset=\"https:\/\/waterproof-project.eu\/wp-content\/uploads\/2022\/11\/Logo_CTA_300x150.png 300w, https:\/\/waterproof-project.eu\/wp-content\/uploads\/2022\/11\/Logo_CTA_300x150-150x75.png 150w\" sizes=\"auto, (max-width: 300px) 100vw, 300px\" \/><\/figure><div class=\"wp-block-media-text__content\">\n<h3 class=\"wp-block-heading\">Centro de Ciencia y Tecnolog\u00eda de Antioquia \u2013 CTA<\/h3>\n\n\n\n<p>El CTA es una corporaci\u00f3n encargada de promover la ciencia, la tecnolog\u00eda y la innovaci\u00f3n como instrumentos para transformar a las personas, empresas y territorios.<br>All\u00ed se fomenta y facilita la Apropiaci\u00f3n Social del Conocimiento en ciencia, tecnolog\u00eda e innovaci\u00f3n a trav\u00e9s del dise\u00f1o e implementaci\u00f3n de programas, instrumentos, metodolog\u00edas, as\u00ed como estudios e investigaciones, que facilitan la construcci\u00f3n de planes y pol\u00edticas p\u00fablicas, y el desarrollo de redes e instituciones, contribuyendo a la sostenibilidad de los territorios, la generaci\u00f3n de valor en las empresas y el fortalecimiento de capacidades en las personas.<br>El CTA es un centro de innovaci\u00f3n y productividad avalado por el Ministerio de Ciencia, Tecnolog\u00eda e Innovaci\u00f3n de Colombia (MINCIENCIAS). Durante m\u00e1s de 34 a\u00f1os, han sido reconocidos como una instituci\u00f3n que articula y dinamiza la triada Estado &#8211; Universidad &#8211; Empresa, impulsando la transformaci\u00f3n y el desarrollo en los territorios a trav\u00e9s del conocimiento.<\/p>\n\n\n\n<div class=\"wp-block-buttons is-layout-flex wp-block-buttons-is-layout-flex\">\n<div class=\"wp-block-button is-style-fill\"><a class=\"wp-block-button__link wp-element-button\" href=\"https:\/\/cta.org.co\" target=\"_blank\" rel=\"noreferrer noopener\">Visita la p\u00e1gina web<\/a><\/div>\n<\/div>\n<\/div><\/div>\n\n\n\n<div class=\"wp-block-media-text is-stacked-on-mobile is-vertically-aligned-center\" style=\"grid-template-columns:30% auto\"><figure class=\"wp-block-media-text__media\"><img loading=\"lazy\" decoding=\"async\" width=\"300\" height=\"150\" src=\"https:\/\/waterproof-project.eu\/wp-content\/uploads\/2022\/11\/Logo_Ecover_300x150.png\" alt=\"\" class=\"wp-image-1535 size-full\" srcset=\"https:\/\/waterproof-project.eu\/wp-content\/uploads\/2022\/11\/Logo_Ecover_300x150.png 300w, https:\/\/waterproof-project.eu\/wp-content\/uploads\/2022\/11\/Logo_Ecover_300x150-150x75.png 150w\" sizes=\"auto, (max-width: 300px) 100vw, 300px\" \/><\/figure><div class=\"wp-block-media-text__content\">\n<h3 class=\"wp-block-heading\">Ecover<\/h3>\n\n\n\n<p>Ecover Co-ordination Center BV alberga la rama de desarrollo de productos de la marca Ecover, entre otros departamentos. Ecover ha estado produciendo y vendiendo productos de consumo sostenibles centrados en la lavander\u00eda, la limpieza y el cuidado personal.<br>En la \u00faltima d\u00e9cada, la marca fue adquirida por SC Johnson, una empresa global privada en el mercado de bienes de consumo masivo (FMCG por sus siglas en ingl\u00e9s: Fast Moving Consumer Goods). Dentro de SC Johnson, se encuentra en la unidad de negocios de Marcas de Estilo de Vida, donde se lidera el desarrollo de tecnolog\u00edas innovadoras de sostenibilidad.<\/p>\n\n\n\n<p><\/p>\n\n\n\n<div class=\"wp-block-buttons is-layout-flex wp-block-buttons-is-layout-flex\">\n<div class=\"wp-block-button is-style-fill\"><a class=\"wp-block-button__link wp-element-button\" href=\"https:\/\/www.ecover.com\" target=\"_blank\" rel=\"noreferrer noopener\">Visita la p\u00e1gina web<\/a><\/div>\n<\/div>\n<\/div><\/div>\n\n\n\n<div class=\"wp-block-media-text is-stacked-on-mobile is-vertically-aligned-center\" style=\"grid-template-columns:30% auto\"><figure class=\"wp-block-media-text__media\"><img loading=\"lazy\" decoding=\"async\" width=\"300\" height=\"150\" src=\"https:\/\/waterproof-project.eu\/wp-content\/uploads\/2022\/11\/Logo_-Funditec_300x150.png\" alt=\"\" class=\"wp-image-1537 size-full\" srcset=\"https:\/\/waterproof-project.eu\/wp-content\/uploads\/2022\/11\/Logo_-Funditec_300x150.png 300w, https:\/\/waterproof-project.eu\/wp-content\/uploads\/2022\/11\/Logo_-Funditec_300x150-150x75.png 150w\" sizes=\"auto, (max-width: 300px) 100vw, 300px\" \/><\/figure><div class=\"wp-block-media-text__content\">\n<h3 class=\"wp-block-heading\">FundiTec<\/h3>\n\n\n\n<p>La Fundaci\u00f3n Tecnol\u00f3gica Advantx (Funditec) es un centro tecnol\u00f3gico sin fines de lucro ubicado en Madrid. El Centro Tecnol\u00f3gico Funditec desempe\u00f1a un papel clave en la cadena de valor de desarrollos tecnol\u00f3gicos, ofreciendo proyectos de I+D sostenibles y seguros a sus clientes y socios industriales, en consonancia con las actuales necesidades econ\u00f3micas y sociales. El Centro Tecnol\u00f3gico Funditec desarrolla proyectos innovadores en sus propias instalaciones de laboratorio en tres \u00e1reas estrat\u00e9gicas: Materiales Avanzados, Ciberseguridad y Agroalimentaci\u00f3n.<\/p>\n\n\n\n<div class=\"wp-block-buttons is-layout-flex wp-block-buttons-is-layout-flex\">\n<div class=\"wp-block-button is-style-fill\"><a class=\"wp-block-button__link wp-element-button\" href=\"https:\/\/funditec.es\" target=\"_blank\" rel=\"noreferrer noopener\">Visita la p\u00e1gina web<\/a><\/div>\n<\/div>\n<\/div><\/div>\n\n\n\n<div class=\"wp-block-media-text is-stacked-on-mobile is-vertically-aligned-center\" style=\"grid-template-columns:30% auto\"><figure class=\"wp-block-media-text__media\"><img loading=\"lazy\" decoding=\"async\" width=\"300\" height=\"150\" src=\"https:\/\/waterproof-project.eu\/wp-content\/uploads\/2022\/11\/Logo_hvc_300x150.png\" alt=\"\" class=\"wp-image-1538 size-full\" srcset=\"https:\/\/waterproof-project.eu\/wp-content\/uploads\/2022\/11\/Logo_hvc_300x150.png 300w, https:\/\/waterproof-project.eu\/wp-content\/uploads\/2022\/11\/Logo_hvc_300x150-150x75.png 150w\" sizes=\"auto, (max-width: 300px) 100vw, 300px\" \/><\/figure><div class=\"wp-block-media-text__content\">\n<h3 class=\"wp-block-heading\">HVC<\/h3>\n\n\n\n<p>HVC es una empresa p\u00fablica, propiedad de municipios y juntas de aguas, que se dedica al tratamiento de residuos y la energ\u00eda renovable. Nuestra visi\u00f3n es que el tratamiento de residuos pasar\u00e1 de la recuperaci\u00f3n de energ\u00eda a la recuperaci\u00f3n de recursos, porque eventualmente la energ\u00eda renovable ser\u00e1 abundante y el carbono no lo es. Los residuos pueden ser una fuente de carbono renovable.<br>HVC opera una planta piloto de captura de carbono postcombusti\u00f3n (PCCC por sus siglas en ingl\u00e9s) y licuefacci\u00f3n. Suministramos CO\u2082 para el tratamiento de agua in situ (para el control del pH) y para invernaderos (para acelerar el crecimiento de los cultivos). Recientemente, HVC obtuvo subsidios SDE++ para una planta de PCCC y licuefacci\u00f3n a gran escala que entregar\u00e1 4.000 horas al a\u00f1o de CO\u2082 l\u00edquido a invernaderos.<br>Adem\u00e1s, HVC opera una planta de lavado de cenizas para producir material limpio para la construcci\u00f3n de carreteras. Durante el proceso de limpieza, tambi\u00e9n se recuperan varios concentrados met\u00e1licos. El valor de estos subproductos aumenta con la pureza. Por lo tanto, el proceso de ADES que utiliza productos del \u00e1cido f\u00f3rmico para recuperar metales selectivamente es una tecnolog\u00eda bienvenida.<\/p>\n\n\n\n<div class=\"wp-block-buttons is-layout-flex wp-block-buttons-is-layout-flex\">\n<div class=\"wp-block-button is-style-fill\"><a class=\"wp-block-button__link wp-element-button\" href=\"https:\/\/www.hvcgroep.nl\" target=\"_blank\" rel=\"noreferrer noopener\">Visita la p\u00e1gina web<\/a><\/div>\n<\/div>\n<\/div><\/div>\n\n\n\n<div class=\"wp-block-media-text is-stacked-on-mobile is-vertically-aligned-center\" style=\"grid-template-columns:30% auto\"><figure class=\"wp-block-media-text__media\"><img loading=\"lazy\" decoding=\"async\" width=\"300\" height=\"150\" src=\"https:\/\/waterproof-project.eu\/wp-content\/uploads\/2022\/11\/Logo_izes_300x150.png\" alt=\"\" class=\"wp-image-1539 size-full\" srcset=\"https:\/\/waterproof-project.eu\/wp-content\/uploads\/2022\/11\/Logo_izes_300x150.png 300w, https:\/\/waterproof-project.eu\/wp-content\/uploads\/2022\/11\/Logo_izes_300x150-150x75.png 150w\" sizes=\"auto, (max-width: 300px) 100vw, 300px\" \/><\/figure><div class=\"wp-block-media-text__content\">\n<h3 class=\"wp-block-heading\">Izes gGmbH<\/h3>\n\n\n\n<p>El IZES gGmbH &#8211; Instituto para Sistemas Futuros de Energ\u00eda y Flujo de Materiales &#8211; es un instituto de investigaci\u00f3n independiente y sin fines de lucro ubicado en Saarbr\u00fccken (Alemania). El equipo de investigaci\u00f3n interdisciplinario est\u00e1 compuesto por aproximadamente 60 empleados cient\u00edficos (+ estudiantes). La IZES gGmbH se divide en 5 departamentos: Mercados Energ\u00e9ticos, Infraestructura y Desarrollo Municipal, Gesti\u00f3n de Flujo de Materiales, Innovaciones T\u00e9cnicas y Psicolog\u00eda Ambiental. El objeto de la empresa es principalmente la investigaci\u00f3n aplicada y el desarrollo en el campo de sistemas sostenibles de energ\u00eda y flujo de materiales.<br>El Departamento de Psicolog\u00eda Ambiental analiza los factores psicol\u00f3gicos y sociales relacionados con la producci\u00f3n y el consumo de energ\u00eda. El objetivo principal de la investigaci\u00f3n es desarrollar nuevas formas y recomendaciones para una transici\u00f3n sostenible y socialmente aceptable del sistema energ\u00e9tico.<\/p>\n\n\n\n<div class=\"wp-block-buttons is-layout-flex wp-block-buttons-is-layout-flex\">\n<div class=\"wp-block-button is-style-fill\"><a class=\"wp-block-button__link wp-element-button\" href=\"https:\/\/www.izes.de\/de\" target=\"_blank\" rel=\"noreferrer noopener\">Visita la p\u00e1gina web<\/a><\/div>\n<\/div>\n<\/div><\/div>\n\n\n\n<div class=\"wp-block-media-text is-stacked-on-mobile is-vertically-aligned-center\" style=\"grid-template-columns:30% auto\"><figure class=\"wp-block-media-text__media\"><img loading=\"lazy\" decoding=\"async\" width=\"300\" height=\"150\" src=\"https:\/\/waterproof-project.eu\/wp-content\/uploads\/2022\/11\/Logo_nordic_fish-leather_300x150.png\" alt=\"\" class=\"wp-image-1541 size-full\" srcset=\"https:\/\/waterproof-project.eu\/wp-content\/uploads\/2022\/11\/Logo_nordic_fish-leather_300x150.png 300w, https:\/\/waterproof-project.eu\/wp-content\/uploads\/2022\/11\/Logo_nordic_fish-leather_300x150-150x75.png 150w\" sizes=\"auto, (max-width: 300px) 100vw, 300px\" \/><\/figure><div class=\"wp-block-media-text__content\">\n<h3 class=\"wp-block-heading\">Nordic Fish Leather<\/h3>\n\n\n\n<p>Nordic Fish Leather es una curtidur\u00eda ecol\u00f3gica y responsable ubicada en el norte de Islandia, no lejos del C\u00edrculo \u00c1rtico. En nuestra producci\u00f3n, utilizamos exclusivamente fuentes de energ\u00eda renovable, como la electricidad derivada de fuentes hidroel\u00e9ctricas y geot\u00e9rmicas. Toda el agua caliente utilizada en el proceso proviene de un manantial geot\u00e9rmico cercano y el agua fr\u00eda de un r\u00edo cercano.<br>Todos los materiales crudos, las pieles de pescado, que utilizamos en nuestra producci\u00f3n provienen de la pesca y la cr\u00eda responsables, donde ning\u00fan pez ha sido sacrificado por su piel. Todas las pieles de pescado son un subproducto que la mayor\u00eda de las veces termina como residuo.<br>Hoy en d\u00eda, Nordic Fish Leather produce cuero de alta calidad a partir de pieles de pescado. Nuestro cuero se suministra a diversos clientes en Europa, Am\u00e9rica del Norte y otras partes del mundo. Estamos muy orgullosos de ser parte de una cadena de valor que crea art\u00edculos de moda y todo tipo de accesorios a partir de materias primas responsables.<\/p>\n\n\n\n<div class=\"wp-block-buttons is-layout-flex wp-block-buttons-is-layout-flex\">\n<div class=\"wp-block-button is-style-fill\"><a class=\"wp-block-button__link wp-element-button\" href=\"https:\/\/nordicfishleather.com\" target=\"_blank\" rel=\"noreferrer noopener\">Visita la p\u00e1gina web<\/a><\/div>\n<\/div>\n<\/div><\/div>\n\n\n\n<div class=\"wp-block-media-text is-stacked-on-mobile is-vertically-aligned-center\" style=\"grid-template-columns:30% auto\"><figure class=\"wp-block-media-text__media\"><img loading=\"lazy\" decoding=\"async\" width=\"300\" height=\"150\" src=\"https:\/\/waterproof-project.eu\/wp-content\/uploads\/2022\/11\/nova_300x150.png\" alt=\"\" class=\"wp-image-1540 size-full\" srcset=\"https:\/\/waterproof-project.eu\/wp-content\/uploads\/2022\/11\/nova_300x150.png 300w, https:\/\/waterproof-project.eu\/wp-content\/uploads\/2022\/11\/nova_300x150-150x75.png 150w\" sizes=\"auto, (max-width: 300px) 100vw, 300px\" \/><\/figure><div class=\"wp-block-media-text__content\">\n<h3 class=\"wp-block-heading\">nova-Institute<\/h3>\n\n\n\n<p>Nova-Institut GmbH trabaja en el campo de la sostenibilidad desde mediados de la d\u00e9cada de 1990 y actualmente se centra principalmente en las \u00e1reas de econom\u00eda circular, bioeconom\u00eda y utilizaci\u00f3n de CO\u2082.<br>Esta empresa independiente apoya a las industrias qu\u00edmicas y pl\u00e1sticas en la transici\u00f3n de carbono f\u00f3sil a carbono renovable, bas\u00e1ndose en biomasa, utilizaci\u00f3n de CO\u2082 o reciclaje, a trav\u00e9s de la consultor\u00eda basada en la investigaci\u00f3n y ciencia. Tanto en la investigaci\u00f3n para proyectos de innovaci\u00f3n como en la consultor\u00eda comercial individual, el equipo interdisciplinario de nova cubre toda la cadena de valor. Trabaja en todos los temas, desde materias primas, b\u00fasqueda de tecnolog\u00eda e investigaci\u00f3n de mercado, hasta econom\u00eda, pol\u00edticas, evaluaciones del ciclo de vida y sostenibilidad, as\u00ed como apoyo en comunicaci\u00f3n y desarrollo de estrategias.<br>50 expertos de diferentes campos trabajan juntos para desfosilizar la industria y crear un futuro clim\u00e1ticamente neutro.<\/p>\n\n\n\n<div class=\"wp-block-buttons is-layout-flex wp-block-buttons-is-layout-flex\">\n<div class=\"wp-block-button is-style-fill\"><a class=\"wp-block-button__link wp-element-button\" href=\"http:\/\/nova-institute.eu\" target=\"_blank\" rel=\"noreferrer noopener\">Visita la p\u00e1gina web<\/a><\/div>\n<\/div>\n<\/div><\/div>\n\n\n\n<div class=\"wp-block-media-text is-stacked-on-mobile is-vertically-aligned-center\" style=\"grid-template-columns:30% auto\"><figure class=\"wp-block-media-text__media\"><img loading=\"lazy\" decoding=\"async\" width=\"300\" height=\"150\" src=\"https:\/\/waterproof-project.eu\/wp-content\/uploads\/2022\/11\/Logo_tecnalia_300x150.png\" alt=\"\" class=\"wp-image-1542 size-full\" srcset=\"https:\/\/waterproof-project.eu\/wp-content\/uploads\/2022\/11\/Logo_tecnalia_300x150.png 300w, https:\/\/waterproof-project.eu\/wp-content\/uploads\/2022\/11\/Logo_tecnalia_300x150-150x75.png 150w\" sizes=\"auto, (max-width: 300px) 100vw, 300px\" \/><\/figure><div class=\"wp-block-media-text__content\">\n<h3 class=\"wp-block-heading\">Tecnalia<\/h3>\n\n\n\n<p>Tecnalia es la principal organizaci\u00f3n privada e independiente de investigaci\u00f3n y tecnolog\u00eda en Espa\u00f1a y una de las m\u00e1s grandes de Europa, empleando a alrededor de 1.472 personas. Colaboramos con empresas e instituciones para mejorar su competitividad, la calidad de vida de las personas y lograr un crecimiento sostenible. Nuestras principales \u00e1reas de acci\u00f3n est\u00e1n totalmente alineadas con los Objetivos de Desarrollo Sostenible: fabricaci\u00f3n inteligente, transformaci\u00f3n digital, transici\u00f3n energ\u00e9tica, movilidad sostenible, salud personalizada y ecosistemas urbanos.<br>La Unidad de Energ\u00eda, Clima y Transici\u00f3n Urbana desarrolla soluciones tecnol\u00f3gicas con impacto en la sociedad. Contribuye de manera significativa a la competitividad de nuestra industria, aprovechando las oportunidades ofrecidas por la transici\u00f3n energ\u00e9tica, clim\u00e1tica y urbana. Trabajamos para que nuestro sistema energ\u00e9tico, edificios, ciudades, territorios, infraestructuras y procesos industriales sean saludables, eficientes en energ\u00eda y recursos, seguros, resistentes a los impactos clim\u00e1ticos y totalmente inmersos en una econom\u00eda circular. Nuestra experiencia en materiales y procesos innovadores (qu\u00edmica sostenible, valorizaci\u00f3n de residuos, etc.) proporciona un apoyo vital para desarrollar estas soluciones.<\/p>\n\n\n\n<div class=\"wp-block-buttons is-layout-flex wp-block-buttons-is-layout-flex\">\n<div class=\"wp-block-button is-style-fill\"><a class=\"wp-block-button__link wp-element-button\" href=\"https:\/\/www.tecnalia.com\/en\/\" target=\"_blank\" rel=\"noreferrer noopener\">Visita la p\u00e1gina web<\/a><\/div>\n<\/div>\n<\/div><\/div>\n\n\n\n<div class=\"wp-block-media-text is-stacked-on-mobile is-vertically-aligned-center\" style=\"grid-template-columns:30% auto\"><figure class=\"wp-block-media-text__media\"><img loading=\"lazy\" decoding=\"async\" width=\"300\" height=\"150\" src=\"https:\/\/waterproof-project.eu\/wp-content\/uploads\/2022\/11\/Logo_waternet_300x150.png\" alt=\"\" class=\"wp-image-1543 size-full\" srcset=\"https:\/\/waterproof-project.eu\/wp-content\/uploads\/2022\/11\/Logo_waternet_300x150.png 300w, https:\/\/waterproof-project.eu\/wp-content\/uploads\/2022\/11\/Logo_waternet_300x150-150x75.png 150w\" sizes=\"auto, (max-width: 300px) 100vw, 300px\" \/><\/figure><div class=\"wp-block-media-text__content\">\n<h3 class=\"wp-block-heading\">Waternet<\/h3>\n\n\n\n<p>Waternet es una empresa p\u00fablica neerlandesa que opera en todo el ciclo del agua, siendo \u00fanica en su tipo en los Pa\u00edses Bajos. Trata y suministra agua potable en \u00c1msterdam y sus alrededores, y en un \u00e1rea m\u00e1s amplia gestiona diques, aguas superficiales y aguas residuales. A partir de las aguas residuales tratadas, Waternet produce biog\u00e1s, que es una mezcla de metano (CH4) y di\u00f3xido de carbono (CO\u2082). Este biog\u00e1s luego se trata para producir gas natural verde (principalmente CH4) y una corriente de CO2. Este \u00faltimo se utilizar\u00e1 en el proyecto Waterproof como materia prima de CO\u2082 para la producci\u00f3n de \u00e1cido f\u00f3rmico. Las muestras del efluente de aguas residuales de una de las plantas de Waternet tambi\u00e9n se utilizar\u00e1n para probar las propiedades purificadoras del H\u2082O\u2082, un subproducto de la reacci\u00f3n. La instalaci\u00f3n piloto en s\u00ed ser\u00e1 alojada por Waternet junto a la planta de tratamiento de biog\u00e1s en 2025.<\/p>\n\n\n\n<div class=\"wp-block-buttons is-layout-flex wp-block-buttons-is-layout-flex\">\n<div class=\"wp-block-button is-style-fill\"><a class=\"wp-block-button__link wp-element-button\" href=\"https:\/\/www.waternet.nl\" target=\"_blank\" rel=\"noreferrer noopener\">Visita la p\u00e1gina web<\/a><\/div>\n<\/div>\n<\/div><\/div>\n\n\n\n<div style=\"height:20px\" aria-hidden=\"true\" class=\"wp-block-spacer\"><\/div>\n\n\n\n<p><\/p>\n","protected":false},"excerpt":{"rendered":"","protected":false},"author":10,"featured_media":0,"parent":0,"menu_order":0,"comment_status":"closed","ping_status":"open","template":"","meta":{"_seopress_robots_primary_cat":"","advgb_blocks_editor_width":"","advgb_blocks_columns_visual_guide":"","site-sidebar-layout":"default","site-content-layout":"default","ast-global-header-display":"","ast-main-header-display":"","ast-hfb-above-header-display":"","ast-hfb-below-header-display":"","ast-hfb-mobile-header-display":"","site-post-title":"","ast-breadcrumbs-content":"","ast-featured-img":"","footer-sml-layout":"","theme-transparent-header-meta":"default","adv-header-id-meta":"","stick-header-meta":"default","header-above-stick-meta":"","header-main-stick-meta":"","header-below-stick-meta":"","footnotes":""},"class_list":["post-1909","page","type-page","status-publish","hentry"],"coauthors":[],"author_meta":{"author_link":"https:\/\/waterproof-project.eu\/es\/author\/hm\/","display_name":"Helene Metzner"},"relative_dates":{"created":"Publicado 5 a\u00f1os hace","modified":"Actualizado 2 a\u00f1os hace"},"absolute_dates":{"created":"Publicado el 25\/05\/2021","modified":"Actualizado el 21\/03\/2024"},"absolute_dates_time":{"created":"Publicado el 25\/05\/2021 19:21","modified":"Actualizado el 21\/03\/2024 14:51"},"featured_img_caption":"","featured_img":false,"series_order":"","_links":{"self":[{"href":"https:\/\/waterproof-project.eu\/es\/wp-json\/wp\/v2\/pages\/1909","targetHints":{"allow":["GET"]}}],"collection":[{"href":"https:\/\/waterproof-project.eu\/es\/wp-json\/wp\/v2\/pages"}],"about":[{"href":"https:\/\/waterproof-project.eu\/es\/wp-json\/wp\/v2\/types\/page"}],"author":[{"embeddable":true,"href":"https:\/\/waterproof-project.eu\/es\/wp-json\/wp\/v2\/users\/10"}],"replies":[{"embeddable":true,"href":"https:\/\/waterproof-project.eu\/es\/wp-json\/wp\/v2\/comments?post=1909"}],"version-history":[{"count":2,"href":"https:\/\/waterproof-project.eu\/es\/wp-json\/wp\/v2\/pages\/1909\/revisions"}],"predecessor-version":[{"id":1919,"href":"https:\/\/waterproof-project.eu\/es\/wp-json\/wp\/v2\/pages\/1909\/revisions\/1919"}],"wp:attachment":[{"href":"https:\/\/waterproof-project.eu\/es\/wp-json\/wp\/v2\/media?parent=1909"}],"curies":[{"name":"wp","href":"https:\/\/api.w.org\/{rel}","templated":true}]}}