{"id":1888,"date":"2021-10-24T20:31:01","date_gmt":"2021-10-24T18:31:01","guid":{"rendered":"https:\/\/waterproof-project.eu\/contacto\/"},"modified":"2024-03-21T14:30:54","modified_gmt":"2024-03-21T13:30:54","slug":"contacto","status":"publish","type":"page","link":"https:\/\/waterproof-project.eu\/es\/contacto\/","title":{"rendered":"Contacto"},"content":{"rendered":"\n<div class=\"wp-block-advgb-columns advgb-columns-wrapper\" id=\"advgb-cols-fc067c7b-cbb1-424f-856d-33901cd44da3\"><div class=\"advgb-columns-container\"><div class=\"advgb-columns advgb-columns-row advgb-is-mobile advgb-columns-2 layout-12-12 mbl-layout-stacked vgutter-10\">\n<div class=\"wp-block-advgb-column advgb-column advgb-is-half-tablet advgb-is-full-mobile\" id=\"advgb-col-8d0b1c3d-dfe1-4c3d-95ed-24df6570186a\"><div class=\"advgb-column-inner\" style=\"border-style:none;border-width:1px\">\n<p>Coordinac\u00edon<\/p>\n\n\n\n<h2 class=\"wp-block-heading\">Avantium<\/h2>\n\n\n\n<p>Dra. Annelie Jongerius<br>Directora de Tecnolog\u00eda<br>Grupo de Investigaci\u00f3n Volta<br>Amsterdam, Pa\u00edses Bajos<\/p>\n\n\n\n<p>Correo electr\u00f3nico: Annelie.Jongerius@avantium.com<br><\/p>\n<\/div><\/div>\n\n\n\n<div class=\"wp-block-advgb-column advgb-column advgb-is-half-tablet advgb-is-full-mobile\" id=\"advgb-col-2f638e70-f526-42ca-9c5c-ed8f233122f8\"><div class=\"advgb-column-inner\" style=\"border-style:none;border-width:1px\">\n<p>Comunicaciones<\/p>\n\n\n\n<h2 class=\"wp-block-heading\">nova-Institut GmbH<\/h2>\n\n\n\n<p>Du\u0161ica Banduka y Dra. Anke Schwarzenberger<br>Departamento: Comunicaci\u00f3n y Difusi\u00f3n<br>H\u00fcrth, Alemania<\/p>\n\n\n\n<p>Correo electr\u00f3nico: Dusica.banduka@nova-institut.de<br>Correo electr\u00f3nico: anke.schwarzenberger@nova-institut.de<br>Tel: +49 173 \u2013 8993947\/ +49 173 \u2013 6632583<\/p>\n<\/div><\/div>\n<\/div><\/div><\/div>\n<style class=\"advgb-styles-renderer\">#advgb-col-8d0b1c3d-dfe1-4c3d-95ed-24df6570186a>.advgb-column-inner{}#advgb-col-8d0b1c3d-dfe1-4c3d-95ed-24df6570186a{width: 0%;}@media screen and (max-width: 1023px) {#advgb-col-8d0b1c3d-dfe1-4c3d-95ed-24df6570186a>.advgb-column-inner{}}@media screen and (max-width: 767px) {#advgb-col-8d0b1c3d-dfe1-4c3d-95ed-24df6570186a>.advgb-column-inner{}}#advgb-col-2f638e70-f526-42ca-9c5c-ed8f233122f8>.advgb-column-inner{}#advgb-col-2f638e70-f526-42ca-9c5c-ed8f233122f8{width: 0%;}@media screen and (max-width: 1023px) {#advgb-col-2f638e70-f526-42ca-9c5c-ed8f233122f8>.advgb-column-inner{}}@media screen and (max-width: 767px) {#advgb-col-2f638e70-f526-42ca-9c5c-ed8f233122f8>.advgb-column-inner{}}#advgb-cols-fc067c7b-cbb1-424f-856d-33901cd44da3{}@media screen and (max-width: 1023px) {#advgb-cols-fc067c7b-cbb1-424f-856d-33901cd44da3{}}@media screen and (max-width: 767px) {#advgb-cols-fc067c7b-cbb1-424f-856d-33901cd44da3{}}#advgb-col-8d0b1c3d-dfe1-4c3d-95ed-24df6570186a>.advgb-column-inner{}#advgb-col-8d0b1c3d-dfe1-4c3d-95ed-24df6570186a{width: 0%;}@media screen and (max-width: 1023px) {#advgb-col-8d0b1c3d-dfe1-4c3d-95ed-24df6570186a>.advgb-column-inner{}}@media screen and (max-width: 767px) {#advgb-col-8d0b1c3d-dfe1-4c3d-95ed-24df6570186a>.advgb-column-inner{}}#advgb-col-2f638e70-f526-42ca-9c5c-ed8f233122f8>.advgb-column-inner{}#advgb-col-2f638e70-f526-42ca-9c5c-ed8f233122f8{width: 0%;}@media screen and (max-width: 1023px) {#advgb-col-2f638e70-f526-42ca-9c5c-ed8f233122f8>.advgb-column-inner{}}@media screen and (max-width: 767px) {#advgb-col-2f638e70-f526-42ca-9c5c-ed8f233122f8>.advgb-column-inner{}}<\/style>","protected":false},"excerpt":{"rendered":"","protected":false},"author":1,"featured_media":0,"parent":0,"menu_order":0,"comment_status":"closed","ping_status":"closed","template":"","meta":{"_seopress_robots_primary_cat":"","advgb_blocks_editor_width":"","advgb_blocks_columns_visual_guide":"","site-sidebar-layout":"default","site-content-layout":"default","ast-global-header-display":"","ast-main-header-display":"","ast-hfb-above-header-display":"","ast-hfb-below-header-display":"","ast-hfb-mobile-header-display":"","site-post-title":"","ast-breadcrumbs-content":"","ast-featured-img":"","footer-sml-layout":"","theme-transparent-header-meta":"default","adv-header-id-meta":"","stick-header-meta":"default","header-above-stick-meta":"","header-main-stick-meta":"","header-below-stick-meta":"","footnotes":""},"class_list":["post-1888","page","type-page","status-publish","hentry"],"coauthors":[],"author_meta":{"author_link":"https:\/\/waterproof-project.eu\/es\/author\/ds\/","display_name":"ds"},"relative_dates":{"created":"Publicado 4 a\u00f1os hace","modified":"Actualizado 2 a\u00f1os hace"},"absolute_dates":{"created":"Publicado el 24\/10\/2021","modified":"Actualizado el 21\/03\/2024"},"absolute_dates_time":{"created":"Publicado el 24\/10\/2021 20:31","modified":"Actualizado el 21\/03\/2024 14:30"},"featured_img_caption":"","featured_img":false,"series_order":"","_links":{"self":[{"href":"https:\/\/waterproof-project.eu\/es\/wp-json\/wp\/v2\/pages\/1888","targetHints":{"allow":["GET"]}}],"collection":[{"href":"https:\/\/waterproof-project.eu\/es\/wp-json\/wp\/v2\/pages"}],"about":[{"href":"https:\/\/waterproof-project.eu\/es\/wp-json\/wp\/v2\/types\/page"}],"author":[{"embeddable":true,"href":"https:\/\/waterproof-project.eu\/es\/wp-json\/wp\/v2\/users\/1"}],"replies":[{"embeddable":true,"href":"https:\/\/waterproof-project.eu\/es\/wp-json\/wp\/v2\/comments?post=1888"}],"version-history":[{"count":2,"href":"https:\/\/waterproof-project.eu\/es\/wp-json\/wp\/v2\/pages\/1888\/revisions"}],"predecessor-version":[{"id":1913,"href":"https:\/\/waterproof-project.eu\/es\/wp-json\/wp\/v2\/pages\/1888\/revisions\/1913"}],"wp:attachment":[{"href":"https:\/\/waterproof-project.eu\/es\/wp-json\/wp\/v2\/media?parent=1888"}],"curies":[{"name":"wp","href":"https:\/\/api.w.org\/{rel}","templated":true}]}}