{"id":124,"date":"2021-05-25T23:31:31","date_gmt":"2021-05-25T21:31:31","guid":{"rendered":"https:\/\/waterproof-project.eu\/?page_id=124"},"modified":"2026-04-09T16:16:38","modified_gmt":"2026-04-09T14:16:38","slug":"legal-notice","status":"publish","type":"page","link":"https:\/\/waterproof-project.eu\/es\/legal-notice\/","title":{"rendered":"Legal notice"},"content":{"rendered":"\n<p>nova-Institut f\u00fcr politische und \u00f6kologische Innovation GmbH<br>Leyboldstra\u00dfe 16<br>50354 H\u00fcrth, Germany<br>Phone: +49 2233 460 14 00<br>Fax: +49 2233 460 14 01<\/p>\n\n\n\n<p><a href=\"mailto:contact@nova-Institut.de\" target=\"_blank\" rel=\"noreferrer noopener\">contact@nova-institut.de<\/a><br><a href=\"http:\/\/www.nova-institut.eu\" target=\"_blank\" rel=\"noreferrer noopener\">www.nova-institut.de<\/a><\/p>\n\n\n\n<p>Managing Directors authorised to represent: Lars B\u00f6rger, Linda Engel, Dirk Schubert<\/p>\n\n\n\n<p>Court of Registration: Local Court of Cologne<br>Registration No.: HRB 44144<br>Sales Tax Ident No. pursuant of \u00a7 27a German Sales Tax Law: DE 811827699<br>Content responsibility accord. to \u00a7 6 MDStV: Michael Carus<\/p>\n\n\n\n<p>Liability note: Despite of most diligent content control, we do not accept any liability for the contents of external links. For the contents of the linked sites, solely their operators are responsible!The European Union offers a portal for extra-judicial online dispute resolution, available at&nbsp;<a class=\"\" href=\"http:\/\/www.ec.europa.eu\/consumers\/odr\">www.ec.europa.eu\/consumers\/odr<\/a>. You can find our email address in the imprint. A list with contact details of recognised arbitration boards can be found at <a class=\"\" href=\"https:\/\/ec.europa.eu\/consumers\/odr\/main\/index.cfm?event=main.adr.show\">https:\/\/ec.europa.eu\/consumers\/odr\/<\/a><a class=\"\" href=\"https:\/\/ec.europa.eu\/consumers\/odr\/main\/index.cfm?event=main.adr.show\">main\/index.cfm?event=main.adr.show<\/a><\/p>\n","protected":false},"excerpt":{"rendered":"<p>nova-Institut f\u00fcr politische und \u00f6kologische Innovation GmbHLeyboldstra\u00dfe 1650354 H\u00fcrth, GermanyPhone: +49 2233 460 14 00Fax: +49 2233 460 14 01 contact@nova-institut.dewww.nova-institut.de Managing Directors authorised to represent: Lars B\u00f6rger, Linda Engel, Dirk Schubert Court of Registration: Local Court of CologneRegistration No.: HRB 44144Sales Tax Ident No. pursuant of \u00a7 27a German Sales Tax Law: DE 811827699Content &hellip;<\/p>\n<p class=\"read-more\"> <a class=\"\" href=\"https:\/\/waterproof-project.eu\/es\/legal-notice\/\"> <span class=\"screen-reader-text\">Legal notice<\/span> Leer m\u00e1s &raquo;<\/a><\/p>\n","protected":false},"author":1,"featured_media":0,"parent":0,"menu_order":0,"comment_status":"closed","ping_status":"closed","template":"","meta":{"_seopress_robots_primary_cat":"","advgb_blocks_editor_width":"","advgb_blocks_columns_visual_guide":"","site-sidebar-layout":"default","site-content-layout":"default","ast-global-header-display":"","ast-main-header-display":"","ast-hfb-above-header-display":"","ast-hfb-below-header-display":"","ast-hfb-mobile-header-display":"","site-post-title":"","ast-breadcrumbs-content":"","ast-featured-img":"","footer-sml-layout":"","theme-transparent-header-meta":"default","adv-header-id-meta":"","stick-header-meta":"default","header-above-stick-meta":"","header-main-stick-meta":"","header-below-stick-meta":"","footnotes":""},"class_list":["post-124","page","type-page","status-publish","hentry"],"coauthors":[],"author_meta":{"author_link":"https:\/\/waterproof-project.eu\/es\/author\/ds\/","display_name":"ds"},"relative_dates":{"created":"Publicado 5 a\u00f1os hace","modified":"Actualizado 1 semana hace"},"absolute_dates":{"created":"Publicado el 25\/05\/2021","modified":"Actualizado el 09\/04\/2026"},"absolute_dates_time":{"created":"Publicado el 25\/05\/2021 23:31","modified":"Actualizado el 09\/04\/2026 16:16"},"featured_img_caption":"","featured_img":false,"series_order":"","_links":{"self":[{"href":"https:\/\/waterproof-project.eu\/es\/wp-json\/wp\/v2\/pages\/124","targetHints":{"allow":["GET"]}}],"collection":[{"href":"https:\/\/waterproof-project.eu\/es\/wp-json\/wp\/v2\/pages"}],"about":[{"href":"https:\/\/waterproof-project.eu\/es\/wp-json\/wp\/v2\/types\/page"}],"author":[{"embeddable":true,"href":"https:\/\/waterproof-project.eu\/es\/wp-json\/wp\/v2\/users\/1"}],"replies":[{"embeddable":true,"href":"https:\/\/waterproof-project.eu\/es\/wp-json\/wp\/v2\/comments?post=124"}],"version-history":[{"count":3,"href":"https:\/\/waterproof-project.eu\/es\/wp-json\/wp\/v2\/pages\/124\/revisions"}],"predecessor-version":[{"id":2604,"href":"https:\/\/waterproof-project.eu\/es\/wp-json\/wp\/v2\/pages\/124\/revisions\/2604"}],"wp:attachment":[{"href":"https:\/\/waterproof-project.eu\/es\/wp-json\/wp\/v2\/media?parent=124"}],"curies":[{"name":"wp","href":"https:\/\/api.w.org\/{rel}","templated":true}]}}